{"id":3544,"date":"2022-11-01T08:37:30","date_gmt":"2022-11-01T08:37:30","guid":{"rendered":"https:\/\/klbtheme.com\/partdo\/?page_id=3544"},"modified":"2022-11-01T08:37:30","modified_gmt":"2022-11-01T08:37:30","slug":"order-tracking","status":"publish","type":"page","link":"https:\/\/quahanquoc.com\/?page_id=3544","title":{"rendered":"Order Tracking"},"content":{"rendered":"\t\t<div data-elementor-type=\"wp-page\" data-elementor-id=\"3544\" class=\"elementor elementor-3544\">\n\t\t\t\t\t\t<section class=\"elementor-section elementor-top-section elementor-element elementor-element-5a90b6b elementor-section-boxed elementor-section-height-default elementor-section-height-default\" data-id=\"5a90b6b\" data-element_type=\"section\">\n\t\t\t\t\t\t<div class=\"elementor-container elementor-column-gap-extended\">\n\t\t\t\t\t<div class=\"elementor-column elementor-col-100 elementor-top-column elementor-element elementor-element-87158d4\" data-id=\"87158d4\" data-element_type=\"column\">\n\t\t\t<div class=\"elementor-widget-wrap elementor-element-populated\">\n\t\t\t\t\t\t<div class=\"elementor-element elementor-element-85b0347 elementor-widget elementor-widget-shortcode\" data-id=\"85b0347\" data-element_type=\"widget\" data-widget_type=\"shortcode.default\">\n\t\t\t\t<div class=\"elementor-widget-container\">\n\t\t\t\t\t\t\t<div class=\"elementor-shortcode\"><div class=\"woocommerce\">\n<form action=\"https:\/\/quahanquoc.com\/?page_id=3544\" method=\"post\" class=\"woocommerce-form woocommerce-form-track-order track_order\">\n\n\t\n\t<p>\u0110\u1ec3 theo d\u00f5i \u0111\u01a1n h\u00e0ng c\u1ee7a b\u1ea1n xin vui l\u00f2ng nh\u1eadp ID \u0111\u01a1n h\u00e0ng c\u1ee7a b\u1ea1n v\u00e0o \u00f4 d\u01b0\u1edbi \u0111\u00e2y v\u00e0 nh\u1ea5n n\u00fat &quot;Theo d\u00f5i&quot;. ID \u0111\u01a1n h\u00e0ng \u0111\u00e3 \u0111\u01b0\u1ee3c g\u1eedi cho b\u1ea1n qua bi\u00ean lai v\u00e0 qua email x\u00e1c nh\u1eadn m\u00e0 b\u1ea1n nh\u1eadn \u0111\u01b0\u1ee3c.<\/p>\n\n\t<p class=\"form-row form-row-first\"><label for=\"orderid\">ID \u0110\u01a1n h\u00e0ng<\/label> <input class=\"input-text\" type=\"text\" name=\"orderid\" id=\"orderid\" value=\"\" placeholder=\"T\u00ecm th\u1ea5y trong email x\u00e1c nh\u1eadn \u0111\u01a1n h\u00e0ng c\u1ee7a b\u1ea1n.\" \/><\/p>\t<p class=\"form-row form-row-last\"><label for=\"order_email\">Email thanh to\u00e1n<\/label> <input class=\"input-text\" type=\"text\" name=\"order_email\" id=\"order_email\" value=\"\" placeholder=\"Email \u0111\u01b0\u1ee3c s\u1eed d\u1ee5ng trong qu\u00e1 tr\u00ecnh thanh to\u00e1n.\" \/><\/p>\t<div class=\"clear\"><\/div>\n\n\t\n\t<p class=\"form-row\"><button type=\"submit\" class=\"button\" name=\"track\" value=\"Theo d\u00f5i\">Theo d\u00f5i<\/button><\/p>\n\t<input type=\"hidden\" id=\"woocommerce-order-tracking-nonce\" name=\"woocommerce-order-tracking-nonce\" value=\"3fc2be9dac\" \/><input type=\"hidden\" name=\"_wp_http_referer\" value=\"\/index.php?rest_route=%2Fwp%2Fv2%2Fpages%2F3544\" \/>\n\t\n<\/form>\n<\/div><\/div>\n\t\t\t\t\t\t<\/div>\n\t\t\t\t<\/div>\n\t\t\t\t\t<\/div>\n\t\t<\/div>\n\t\t\t\t\t<\/div>\n\t\t<\/section>\n\t\t\t\t<\/div>\n\t\t","protected":false},"excerpt":{"rendered":"","protected":false},"author":1,"featured_media":0,"parent":0,"menu_order":0,"comment_status":"closed","ping_status":"closed","template":"","meta":{"footnotes":""},"class_list":["post-3544","page","type-page","status-publish","hentry"],"_links":{"self":[{"href":"https:\/\/quahanquoc.com\/index.php?rest_route=\/wp\/v2\/pages\/3544","targetHints":{"allow":["GET"]}}],"collection":[{"href":"https:\/\/quahanquoc.com\/index.php?rest_route=\/wp\/v2\/pages"}],"about":[{"href":"https:\/\/quahanquoc.com\/index.php?rest_route=\/wp\/v2\/types\/page"}],"author":[{"embeddable":true,"href":"https:\/\/quahanquoc.com\/index.php?rest_route=\/wp\/v2\/users\/1"}],"replies":[{"embeddable":true,"href":"https:\/\/quahanquoc.com\/index.php?rest_route=%2Fwp%2Fv2%2Fcomments&post=3544"}],"version-history":[{"count":0,"href":"https:\/\/quahanquoc.com\/index.php?rest_route=\/wp\/v2\/pages\/3544\/revisions"}],"wp:attachment":[{"href":"https:\/\/quahanquoc.com\/index.php?rest_route=%2Fwp%2Fv2%2Fmedia&parent=3544"}],"curies":[{"name":"wp","href":"https:\/\/api.w.org\/{rel}","templated":true}]}}